{"id":12,"date":"2025-01-11T12:44:52","date_gmt":"2025-01-11T11:44:52","guid":{"rendered":"https:\/\/truckapates.fr\/?page_id=12"},"modified":"2026-02-09T15:24:32","modified_gmt":"2026-02-09T14:24:32","slug":"nos-pates-fraiches","status":"publish","type":"page","link":"https:\/\/truckapates.fr\/?page_id=12","title":{"rendered":"Nos p\u00e2tes fra\u00eeches"},"content":{"rendered":"\t\t<div data-elementor-type=\"wp-page\" data-elementor-id=\"12\" class=\"elementor elementor-12\">\n\t\t\t\t<div class=\"elementor-element elementor-element-002e0d3 e-flex e-con-boxed e-con e-parent\" data-id=\"002e0d3\" data-element_type=\"container\" data-settings=\"{&quot;background_background&quot;:&quot;classic&quot;}\">\n\t\t\t\t\t<div class=\"e-con-inner\">\n\t\t<div class=\"elementor-element elementor-element-da63fb0 e-con-full e-flex e-con e-child\" data-id=\"da63fb0\" data-element_type=\"container\">\n\t\t<div class=\"elementor-element elementor-element-88f392a e-con-full e-flex e-con e-child\" data-id=\"88f392a\" data-element_type=\"container\">\n\t\t\t\t<\/div>\n\t\t<div class=\"elementor-element elementor-element-b51a1dc e-con-full e-flex e-con e-child\" data-id=\"b51a1dc\" data-element_type=\"container\">\n\t\t\t\t<div class=\"elementor-element elementor-element-01c26a7 elementor-widget elementor-widget-heading\" data-id=\"01c26a7\" data-element_type=\"widget\" data-widget_type=\"heading.default\">\n\t\t\t\t<div class=\"elementor-widget-container\">\n\t\t\t\t\t<h1 class=\"elementor-heading-title elementor-size-default\">Notre carte<\/h1>\t\t\t\t<\/div>\n\t\t\t\t<\/div>\n\t\t\t\t<div class=\"elementor-element elementor-element-fbd2b09 elementor-widget elementor-widget-text-editor\" data-id=\"fbd2b09\" data-element_type=\"widget\" data-widget_type=\"text-editor.default\">\n\t\t\t\t<div class=\"elementor-widget-container\">\n\t\t\t\t\t\t\t\t\t<p>D\u00e9couvrez notre carte : p\u00e2tes fra\u00eeches de fabrication maison et sauces cuisin\u00e9es, pizzas artisanales, burgers issus de races \u00e0 viande 100 % fran\u00e7aises accompagn\u00e9s de frites fra\u00eeches, crousty \u00e0 base de riz parfum\u00e9 et de volaille marin\u00e9e et pan\u00e9e, kebab artisanal \u00e0 la viande de volaille, plats du monde cuisin\u00e9s et desserts maison.<\/p>\t\t\t\t\t\t\t\t<\/div>\n\t\t\t\t<\/div>\n\t\t\t\t<\/div>\n\t\t\t\t<\/div>\n\t\t\t\t\t<\/div>\n\t\t\t\t<\/div>\n\t\t<div class=\"elementor-element elementor-element-bc00aa7 e-flex e-con-boxed e-con e-parent\" data-id=\"bc00aa7\" data-element_type=\"container\">\n\t\t\t\t\t<div class=\"e-con-inner\">\n\t\t\t\t<div class=\"elementor-element elementor-element-dc5a9d8 elementor-widget elementor-widget-ekit-nav-menu\" data-id=\"dc5a9d8\" data-element_type=\"widget\" data-widget_type=\"ekit-nav-menu.default\">\n\t\t\t\t<div class=\"elementor-widget-container\">\n\t\t\t\t\t\t\t<nav class=\"ekit-wid-con ekit_menu_responsive_mobile\" \n\t\t\tdata-hamburger-icon=\"\" \n\t\t\tdata-hamburger-icon-type=\"icon\" \n\t\t\tdata-responsive-breakpoint=\"767\">\n\t\t\t            <button class=\"elementskit-menu-hamburger elementskit-menu-toggler\"  type=\"button\" aria-label=\"hamburger-icon\">\n                                    <span class=\"elementskit-menu-hamburger-icon\"><\/span><span class=\"elementskit-menu-hamburger-icon\"><\/span><span class=\"elementskit-menu-hamburger-icon\"><\/span>\n                            <\/button>\n            <div id=\"ekit-megamenu-notre-carte\" class=\"elementskit-menu-container elementskit-menu-offcanvas-elements elementskit-navbar-nav-default ekit-nav-menu-one-page-yes ekit-nav-dropdown-hover\"><ul id=\"menu-notre-carte\" class=\"elementskit-navbar-nav elementskit-menu-po-center submenu-click-on-icon\"><li id=\"menu-item-154\" class=\"menu-item menu-item-type-post_type menu-item-object-page menu-item-154 nav-item elementskit-mobile-builder-content\" data-vertical-menu=750px><a href=\"https:\/\/truckapates.fr\/?page_id=12\" class=\"ekit-menu-nav-link\">Nos p\u00e2tes fra\u00eeches<\/a><\/li>\n<li id=\"menu-item-155\" class=\"menu-item menu-item-type-post_type menu-item-object-page menu-item-155 nav-item elementskit-mobile-builder-content\" data-vertical-menu=750px><a href=\"https:\/\/truckapates.fr\/?page_id=152\" class=\"ekit-menu-nav-link\">Street Food<\/a><\/li>\n<li id=\"menu-item-208\" class=\"menu-item menu-item-type-post_type menu-item-object-page menu-item-208 nav-item elementskit-mobile-builder-content\" data-vertical-menu=750px><a href=\"https:\/\/truckapates.fr\/?page_id=198\" class=\"ekit-menu-nav-link\">Desserts<\/a><\/li>\n<li id=\"menu-item-197\" class=\"menu-item menu-item-type-post_type menu-item-object-page menu-item-197 nav-item elementskit-mobile-builder-content\" data-vertical-menu=750px><a href=\"https:\/\/truckapates.fr\/?page_id=192\" class=\"ekit-menu-nav-link\">Boissons<\/a><\/li>\n<\/ul><div class=\"elementskit-nav-identity-panel\"><button class=\"elementskit-menu-close elementskit-menu-toggler\" type=\"button\">X<\/button><\/div><\/div>\t\t\t\n\t\t\t<div class=\"elementskit-menu-overlay elementskit-menu-offcanvas-elements elementskit-menu-toggler ekit-nav-menu--overlay\"><\/div>        <\/nav>\n\t\t\t\t\t\t<\/div>\n\t\t\t\t<\/div>\n\t\t<div class=\"elementor-element elementor-element-48e5912 e-con-full e-flex e-con e-child\" data-id=\"48e5912\" data-element_type=\"container\">\n\t\t\t\t<div class=\"elementor-element elementor-element-a770611 elementor-widget elementor-widget-heading\" data-id=\"a770611\" data-element_type=\"widget\" data-widget_type=\"heading.default\">\n\t\t\t\t<div class=\"elementor-widget-container\">\n\t\t\t\t\t<h5 class=\"elementor-heading-title elementor-size-default\">NOS PIZZAS ARTISANALES<\/h5>\t\t\t\t<\/div>\n\t\t\t\t<\/div>\n\t\t\t\t<\/div>\n\t\t<div class=\"elementor-element elementor-element-ca18d26 e-con-full e-flex e-con e-child\" data-id=\"ca18d26\" data-element_type=\"container\">\n\t\t<div class=\"elementor-element elementor-element-4e172e5 e-con-full e-flex e-con e-child\" data-id=\"4e172e5\" data-element_type=\"container\">\n\t\t<div class=\"elementor-element elementor-element-c14f124 e-con-full e-flex e-con e-child\" data-id=\"c14f124\" data-element_type=\"container\" data-settings=\"{&quot;background_background&quot;:&quot;classic&quot;}\">\n\t\t\t\t<\/div>\n\t\t<div class=\"elementor-element elementor-element-3f40f96 e-con-full e-flex e-con e-child\" data-id=\"3f40f96\" data-element_type=\"container\" data-settings=\"{&quot;background_background&quot;:&quot;classic&quot;}\">\n\t\t\t\t<div class=\"elementor-element elementor-element-9df910c elementor-widget elementor-widget-heading\" data-id=\"9df910c\" data-element_type=\"widget\" data-widget_type=\"heading.default\">\n\t\t\t\t<div class=\"elementor-widget-container\">\n\t\t\t\t\t<h4 class=\"elementor-heading-title elementor-size-default\">MARGHERITA<\/h4>\t\t\t\t<\/div>\n\t\t\t\t<\/div>\n\t\t\t\t<div class=\"elementor-element elementor-element-48112bd elementor-widget elementor-widget-text-editor\" data-id=\"48112bd\" data-element_type=\"widget\" data-widget_type=\"text-editor.default\">\n\t\t\t\t<div class=\"elementor-widget-container\">\n\t\t\t\t\t\t\t\t\t<section class=\"recette_section\"><div class=\"recette_section-text\"><p>Une pizza embl\u00e9matique, simple et \u00e9quilibr\u00e9e, mettant en valeur la douceur de la mozzarella sur une base tomate, relev\u00e9e par une touche de roquette fra\u00eeche<\/p><\/div><\/section>\t\t\t\t\t\t\t\t<\/div>\n\t\t\t\t<\/div>\n\t\t\t\t<\/div>\n\t\t\t\t<\/div>\n\t\t\t\t<\/div>\n\t\t<div class=\"elementor-element elementor-element-ff90907 e-con-full e-flex e-con e-child\" data-id=\"ff90907\" data-element_type=\"container\">\n\t\t<div class=\"elementor-element elementor-element-9bb530d e-con-full e-flex e-con e-child\" data-id=\"9bb530d\" data-element_type=\"container\">\n\t\t<div class=\"elementor-element elementor-element-8cb327d e-con-full e-flex e-con e-child\" data-id=\"8cb327d\" data-element_type=\"container\" data-settings=\"{&quot;background_background&quot;:&quot;classic&quot;}\">\n\t\t\t\t<\/div>\n\t\t<div class=\"elementor-element elementor-element-f9a02dd e-con-full e-flex e-con e-child\" data-id=\"f9a02dd\" data-element_type=\"container\" data-settings=\"{&quot;background_background&quot;:&quot;classic&quot;}\">\n\t\t\t\t<div class=\"elementor-element elementor-element-9a86dfd elementor-widget elementor-widget-heading\" data-id=\"9a86dfd\" data-element_type=\"widget\" data-widget_type=\"heading.default\">\n\t\t\t\t<div class=\"elementor-widget-container\">\n\t\t\t\t\t<h4 class=\"elementor-heading-title elementor-size-default\">REGINA<\/h4>\t\t\t\t<\/div>\n\t\t\t\t<\/div>\n\t\t\t\t<div class=\"elementor-element elementor-element-beba2bb elementor-widget elementor-widget-text-editor\" data-id=\"beba2bb\" data-element_type=\"widget\" data-widget_type=\"text-editor.default\">\n\t\t\t\t<div class=\"elementor-widget-container\">\n\t\t\t\t\t\t\t\t\t<section class=\"recette_section\"><div class=\"recette_section-text\"><p data-start=\"295\" data-end=\"462\">Une recette g\u00e9n\u00e9reuse et intemporelle, associant le fondant de la mozzarella \u00e0 des saveurs douces et r\u00e9confortantes, pour une pizza classique et efficace<\/p><\/div><\/section>\t\t\t\t\t\t\t\t<\/div>\n\t\t\t\t<\/div>\n\t\t\t\t<\/div>\n\t\t\t\t<\/div>\n\t\t\t\t<\/div>\n\t\t<div class=\"elementor-element elementor-element-eb0354e e-con-full e-flex e-con e-child\" data-id=\"eb0354e\" data-element_type=\"container\">\n\t\t<div class=\"elementor-element elementor-element-f7fe41a e-con-full e-flex e-con e-child\" data-id=\"f7fe41a\" data-element_type=\"container\">\n\t\t<div class=\"elementor-element elementor-element-ce7f8da e-con-full e-flex e-con e-child\" data-id=\"ce7f8da\" data-element_type=\"container\" data-settings=\"{&quot;background_background&quot;:&quot;classic&quot;}\">\n\t\t\t\t<\/div>\n\t\t<div class=\"elementor-element elementor-element-9422ef5 e-con-full e-flex e-con e-child\" data-id=\"9422ef5\" data-element_type=\"container\" data-settings=\"{&quot;background_background&quot;:&quot;classic&quot;}\">\n\t\t\t\t<div class=\"elementor-element elementor-element-6fd7c66 elementor-widget elementor-widget-heading\" data-id=\"6fd7c66\" data-element_type=\"widget\" data-widget_type=\"heading.default\">\n\t\t\t\t<div class=\"elementor-widget-container\">\n\t\t\t\t\t<h4 class=\"elementor-heading-title elementor-size-default\">CHORIZO<\/h4>\t\t\t\t<\/div>\n\t\t\t\t<\/div>\n\t\t\t\t<div class=\"elementor-element elementor-element-c97bae6 elementor-widget elementor-widget-text-editor\" data-id=\"c97bae6\" data-element_type=\"widget\" data-widget_type=\"text-editor.default\">\n\t\t\t\t<div class=\"elementor-widget-container\">\n\t\t\t\t\t\t\t\t\t<section class=\"recette_section\"><div class=\"recette_section-text\"><p data-start=\"464\" data-end=\"604\">Une pizza de caract\u00e8re, aux notes l\u00e9g\u00e8rement relev\u00e9es, o\u00f9 le chorizo apporte intensit\u00e9 et chaleur \u00e0 une base tomate gourmande<\/p><\/div><\/section>\t\t\t\t\t\t\t\t<\/div>\n\t\t\t\t<\/div>\n\t\t\t\t<\/div>\n\t\t\t\t<\/div>\n\t\t\t\t<\/div>\n\t\t<div class=\"elementor-element elementor-element-baa6e05 e-con-full e-flex e-con e-child\" data-id=\"baa6e05\" data-element_type=\"container\">\n\t\t<div class=\"elementor-element elementor-element-2d975c6 e-con-full e-flex e-con e-child\" data-id=\"2d975c6\" data-element_type=\"container\">\n\t\t<div class=\"elementor-element elementor-element-ae7bb07 e-con-full e-flex e-con e-child\" data-id=\"ae7bb07\" data-element_type=\"container\" data-settings=\"{&quot;background_background&quot;:&quot;classic&quot;}\">\n\t\t\t\t<\/div>\n\t\t<div class=\"elementor-element elementor-element-976b462 e-con-full e-flex e-con e-child\" data-id=\"976b462\" data-element_type=\"container\" data-settings=\"{&quot;background_background&quot;:&quot;classic&quot;}\">\n\t\t\t\t<div class=\"elementor-element elementor-element-fbd3538 elementor-widget elementor-widget-heading\" data-id=\"fbd3538\" data-element_type=\"widget\" data-widget_type=\"heading.default\">\n\t\t\t\t<div class=\"elementor-widget-container\">\n\t\t\t\t\t<h4 class=\"elementor-heading-title elementor-size-default\">PESTO<\/h4>\t\t\t\t<\/div>\n\t\t\t\t<\/div>\n\t\t\t\t<div class=\"elementor-element elementor-element-3044a8b elementor-widget elementor-widget-text-editor\" data-id=\"3044a8b\" data-element_type=\"widget\" data-widget_type=\"text-editor.default\">\n\t\t\t\t<div class=\"elementor-widget-container\">\n\t\t\t\t\t\t\t\t\t<section class=\"recette_section\"><div class=\"recette_section-text\"><p data-start=\"636\" data-end=\"789\">Une recette raffin\u00e9e et aromatique, construite autour d\u2019un pesto maison, m\u00ealant fra\u00eecheur, douceur et gourmandise avec une finition cr\u00e9meuse<\/p><\/div><\/section>\t\t\t\t\t\t\t\t<\/div>\n\t\t\t\t<\/div>\n\t\t\t\t<\/div>\n\t\t\t\t<\/div>\n\t\t\t\t<\/div>\n\t\t<div class=\"elementor-element elementor-element-281e969 e-con-full e-flex e-con e-child\" data-id=\"281e969\" data-element_type=\"container\">\n\t\t<div class=\"elementor-element elementor-element-c30194a e-con-full e-flex e-con e-child\" data-id=\"c30194a\" data-element_type=\"container\">\n\t\t<div class=\"elementor-element elementor-element-5dc2996 e-con-full e-flex e-con e-child\" data-id=\"5dc2996\" data-element_type=\"container\" data-settings=\"{&quot;background_background&quot;:&quot;classic&quot;}\">\n\t\t\t\t<\/div>\n\t\t<div class=\"elementor-element elementor-element-230b6f7 e-con-full e-flex e-con e-child\" data-id=\"230b6f7\" data-element_type=\"container\" data-settings=\"{&quot;background_background&quot;:&quot;classic&quot;}\">\n\t\t\t\t<div class=\"elementor-element elementor-element-e34b393 elementor-widget elementor-widget-heading\" data-id=\"e34b393\" data-element_type=\"widget\" data-widget_type=\"heading.default\">\n\t\t\t\t<div class=\"elementor-widget-container\">\n\t\t\t\t\t<h4 class=\"elementor-heading-title elementor-size-default\">POULET CURRY COCO<\/h4>\t\t\t\t<\/div>\n\t\t\t\t<\/div>\n\t\t\t\t<div class=\"elementor-element elementor-element-b76e1ae elementor-widget elementor-widget-text-editor\" data-id=\"b76e1ae\" data-element_type=\"widget\" data-widget_type=\"text-editor.default\">\n\t\t\t\t<div class=\"elementor-widget-container\">\n\t\t\t\t\t\t\t\t\t<section class=\"recette_section\"><div class=\"recette_section-text\"><p data-start=\"636\" data-end=\"789\">Une pizza aux accents exotiques, douce et parfum\u00e9e, inspir\u00e9e des cuisines du monde, offrant un \u00e9quilibre entre \u00e9pices et onctuosit\u00e9<\/p><\/div><\/section>\t\t\t\t\t\t\t\t<\/div>\n\t\t\t\t<\/div>\n\t\t\t\t<\/div>\n\t\t\t\t<\/div>\n\t\t\t\t<\/div>\n\t\t<div class=\"elementor-element elementor-element-e989094 e-con-full e-flex e-con e-child\" data-id=\"e989094\" data-element_type=\"container\">\n\t\t<div class=\"elementor-element elementor-element-7634d5a e-con-full e-flex e-con e-child\" data-id=\"7634d5a\" data-element_type=\"container\">\n\t\t<div class=\"elementor-element elementor-element-f1c140d e-con-full e-flex e-con e-child\" data-id=\"f1c140d\" data-element_type=\"container\" data-settings=\"{&quot;background_background&quot;:&quot;classic&quot;}\">\n\t\t\t\t<\/div>\n\t\t<div class=\"elementor-element elementor-element-0a70ef1 e-con-full e-flex e-con e-child\" data-id=\"0a70ef1\" data-element_type=\"container\" data-settings=\"{&quot;background_background&quot;:&quot;classic&quot;}\">\n\t\t\t\t<div class=\"elementor-element elementor-element-9f5ee2c elementor-widget elementor-widget-heading\" data-id=\"9f5ee2c\" data-element_type=\"widget\" data-widget_type=\"heading.default\">\n\t\t\t\t<div class=\"elementor-widget-container\">\n\t\t\t\t\t<h4 class=\"elementor-heading-title elementor-size-default\">RACLETTE<\/h4>\t\t\t\t<\/div>\n\t\t\t\t<\/div>\n\t\t\t\t<div class=\"elementor-element elementor-element-f21c0ac elementor-widget elementor-widget-text-editor\" data-id=\"f21c0ac\" data-element_type=\"widget\" data-widget_type=\"text-editor.default\">\n\t\t\t\t<div class=\"elementor-widget-container\">\n\t\t\t\t\t\t\t\t\t<section class=\"recette_section\"><div class=\"recette_section-text\"><p data-start=\"636\" data-end=\"789\">Une pizza g\u00e9n\u00e9reuse et r\u00e9confortante, pens\u00e9e pour les amateurs de fromage, aux saveurs montagnardes et \u00e0 la texture fondante<\/p><\/div><\/section>\t\t\t\t\t\t\t\t<\/div>\n\t\t\t\t<\/div>\n\t\t\t\t<\/div>\n\t\t\t\t<\/div>\n\t\t\t\t<\/div>\n\t\t<div class=\"elementor-element elementor-element-59cc2b9 e-con-full e-flex e-con e-child\" data-id=\"59cc2b9\" data-element_type=\"container\">\n\t\t<div class=\"elementor-element elementor-element-2a2795c e-con-full e-flex e-con e-child\" data-id=\"2a2795c\" data-element_type=\"container\">\n\t\t<div class=\"elementor-element elementor-element-6014302 e-con-full e-flex e-con e-child\" data-id=\"6014302\" data-element_type=\"container\" data-settings=\"{&quot;background_background&quot;:&quot;classic&quot;}\">\n\t\t\t\t<\/div>\n\t\t<div class=\"elementor-element elementor-element-84b6ef9 e-con-full e-flex e-con e-child\" data-id=\"84b6ef9\" data-element_type=\"container\" data-settings=\"{&quot;background_background&quot;:&quot;classic&quot;}\">\n\t\t\t\t<div class=\"elementor-element elementor-element-d52f9a6 elementor-widget elementor-widget-heading\" data-id=\"d52f9a6\" data-element_type=\"widget\" data-widget_type=\"heading.default\">\n\t\t\t\t<div class=\"elementor-widget-container\">\n\t\t\t\t\t<h4 class=\"elementor-heading-title elementor-size-default\">LANDAISE<\/h4>\t\t\t\t<\/div>\n\t\t\t\t<\/div>\n\t\t\t\t<div class=\"elementor-element elementor-element-e1ca776 elementor-widget elementor-widget-text-editor\" data-id=\"e1ca776\" data-element_type=\"widget\" data-widget_type=\"text-editor.default\">\n\t\t\t\t<div class=\"elementor-widget-container\">\n\t\t\t\t\t\t\t\t\t<section class=\"recette_section\"><div class=\"recette_section-text\"><p data-start=\"1225\" data-end=\"1337\">Une recette riche et gourmande, inspir\u00e9e du Sud-Ouest, m\u00ealant puissance, douceur et authenticit\u00e9<\/p><\/div><\/section>\t\t\t\t\t\t\t\t<\/div>\n\t\t\t\t<\/div>\n\t\t\t\t<\/div>\n\t\t\t\t<\/div>\n\t\t\t\t<\/div>\n\t\t<div class=\"elementor-element elementor-element-bf08f93 e-con-full e-flex e-con e-child\" data-id=\"bf08f93\" data-element_type=\"container\">\n\t\t<div class=\"elementor-element elementor-element-577137d e-con-full e-flex e-con e-child\" data-id=\"577137d\" data-element_type=\"container\">\n\t\t<div class=\"elementor-element elementor-element-1bd17fe e-con-full e-flex e-con e-child\" data-id=\"1bd17fe\" data-element_type=\"container\" data-settings=\"{&quot;background_background&quot;:&quot;classic&quot;}\">\n\t\t\t\t<\/div>\n\t\t<div class=\"elementor-element elementor-element-abbf31c e-con-full e-flex e-con e-child\" data-id=\"abbf31c\" data-element_type=\"container\" data-settings=\"{&quot;background_background&quot;:&quot;classic&quot;}\">\n\t\t\t\t<div class=\"elementor-element elementor-element-6109a7a elementor-widget elementor-widget-heading\" data-id=\"6109a7a\" data-element_type=\"widget\" data-widget_type=\"heading.default\">\n\t\t\t\t<div class=\"elementor-widget-container\">\n\t\t\t\t\t<h4 class=\"elementor-heading-title elementor-size-default\">LANDAISE<\/h4>\t\t\t\t<\/div>\n\t\t\t\t<\/div>\n\t\t\t\t<div class=\"elementor-element elementor-element-c250621 elementor-widget elementor-widget-text-editor\" data-id=\"c250621\" data-element_type=\"widget\" data-widget_type=\"text-editor.default\">\n\t\t\t\t<div class=\"elementor-widget-container\">\n\t\t\t\t\t\t\t\t\t<section class=\"recette_section\"><div class=\"recette_section-text\"><p data-start=\"1225\" data-end=\"1337\">Une recette riche et gourmande, inspir\u00e9e du Sud-Ouest, m\u00ealant puissance, douceur et authenticit\u00e9<\/p><\/div><\/section>\t\t\t\t\t\t\t\t<\/div>\n\t\t\t\t<\/div>\n\t\t\t\t<\/div>\n\t\t\t\t<\/div>\n\t\t\t\t<\/div>\n\t\t<div class=\"elementor-element elementor-element-65f04fe e-con-full e-flex e-con e-child\" data-id=\"65f04fe\" data-element_type=\"container\">\n\t\t\t\t<\/div>\n\t\t<div class=\"elementor-element elementor-element-8b15029 e-con-full e-flex e-con e-child\" data-id=\"8b15029\" data-element_type=\"container\">\n\t\t\t\t<div class=\"elementor-element elementor-element-0125198 elementor-widget elementor-widget-heading\" data-id=\"0125198\" data-element_type=\"widget\" data-widget_type=\"heading.default\">\n\t\t\t\t<div class=\"elementor-widget-container\">\n\t\t\t\t\t<h5 class=\"elementor-heading-title elementor-size-default\">BURGER ISSU DE RACE \u00c0 VIANDE 100% FRAN\u00c7AISE<\/h5>\t\t\t\t<\/div>\n\t\t\t\t<\/div>\n\t\t\t\t<\/div>\n\t\t\t\t\t<\/div>\n\t\t\t\t<\/div>\n\t\t\t\t<\/div>\n\t\t","protected":false},"excerpt":{"rendered":"<p>Notre carte D\u00e9couvrez notre carte : p\u00e2tes fra\u00eeches de fabrication maison et sauces cuisin\u00e9es, pizzas artisanales, burgers issus de races \u00e0 viande 100 % fran\u00e7aises accompagn\u00e9s de frites fra\u00eeches, crousty \u00e0 base de riz parfum\u00e9 et de volaille marin\u00e9e et pan\u00e9e, kebab artisanal \u00e0 la viande de volaille, plats du monde cuisin\u00e9s et desserts maison. &#8230; <a title=\"Nos p\u00e2tes fra\u00eeches\" class=\"read-more\" href=\"https:\/\/truckapates.fr\/?page_id=12\" aria-label=\"En savoir plus sur Nos p\u00e2tes fra\u00eeches\">Lire la suite<\/a><\/p>\n","protected":false},"author":1,"featured_media":0,"parent":0,"menu_order":0,"comment_status":"closed","ping_status":"closed","template":"elementor_header_footer","meta":{"footnotes":""},"class_list":["post-12","page","type-page","status-publish"],"_links":{"self":[{"href":"https:\/\/truckapates.fr\/index.php?rest_route=\/wp\/v2\/pages\/12","targetHints":{"allow":["GET"]}}],"collection":[{"href":"https:\/\/truckapates.fr\/index.php?rest_route=\/wp\/v2\/pages"}],"about":[{"href":"https:\/\/truckapates.fr\/index.php?rest_route=\/wp\/v2\/types\/page"}],"author":[{"embeddable":true,"href":"https:\/\/truckapates.fr\/index.php?rest_route=\/wp\/v2\/users\/1"}],"replies":[{"embeddable":true,"href":"https:\/\/truckapates.fr\/index.php?rest_route=%2Fwp%2Fv2%2Fcomments&post=12"}],"version-history":[{"count":56,"href":"https:\/\/truckapates.fr\/index.php?rest_route=\/wp\/v2\/pages\/12\/revisions"}],"predecessor-version":[{"id":436,"href":"https:\/\/truckapates.fr\/index.php?rest_route=\/wp\/v2\/pages\/12\/revisions\/436"}],"wp:attachment":[{"href":"https:\/\/truckapates.fr\/index.php?rest_route=%2Fwp%2Fv2%2Fmedia&parent=12"}],"curies":[{"name":"wp","href":"https:\/\/api.w.org\/{rel}","templated":true}]}}