{"id":141,"date":"2025-11-26T21:51:38","date_gmt":"2025-11-26T20:51:38","guid":{"rendered":"https:\/\/truckapates.fr\/?page_id=141"},"modified":"2026-02-05T15:36:34","modified_gmt":"2026-02-05T14:36:34","slug":"trruck-a-pates","status":"publish","type":"page","link":"https:\/\/truckapates.fr\/","title":{"rendered":"Trruck \u00e0 p\u00e2tes"},"content":{"rendered":"\t\t<div data-elementor-type=\"wp-page\" data-elementor-id=\"141\" class=\"elementor elementor-141\">\n\t\t\t\t<div class=\"elementor-element elementor-element-2d0b151 e-flex e-con-boxed e-con e-parent\" data-id=\"2d0b151\" data-element_type=\"container\" data-settings=\"{&quot;background_background&quot;:&quot;classic&quot;}\">\n\t\t\t\t\t<div class=\"e-con-inner\">\n\t\t<div class=\"elementor-element elementor-element-bbecbe8 e-con-full e-flex e-con e-child\" data-id=\"bbecbe8\" data-element_type=\"container\">\n\t\t\t\t<div class=\"elementor-element elementor-element-683feed elementor-widget elementor-widget-text-editor\" data-id=\"683feed\" data-element_type=\"widget\" data-widget_type=\"text-editor.default\">\n\t\t\t\t<div class=\"elementor-widget-container\">\n\t\t\t\t\t\t\t\t\t<p>Le fait maison servi sur roues<\/p>\t\t\t\t\t\t\t\t<\/div>\n\t\t\t\t<\/div>\n\t\t\t\t<div class=\"elementor-element elementor-element-09f26b3 elementor-widget elementor-widget-heading\" data-id=\"09f26b3\" data-element_type=\"widget\" data-widget_type=\"heading.default\">\n\t\t\t\t<div class=\"elementor-widget-container\">\n\t\t\t\t\t<h1 class=\"elementor-heading-title elementor-size-default\">Truck \u00e0 P\u00e2tes<\/h1>\t\t\t\t<\/div>\n\t\t\t\t<\/div>\n\t\t\t\t<div class=\"elementor-element elementor-element-f7c63ee elementor-widget__width-initial elementor-widget-tablet__width-initial elementor-widget elementor-widget-text-editor\" data-id=\"f7c63ee\" data-element_type=\"widget\" data-widget_type=\"text-editor.default\">\n\t\t\t\t<div class=\"elementor-widget-container\">\n\t\t\t\t\t\t\t\t\t<p>Laissez vous tenter par nos cr\u00e9ations pr\u00e9par\u00e9es avec soin.<\/p>\t\t\t\t\t\t\t\t<\/div>\n\t\t\t\t<\/div>\n\t\t<div class=\"elementor-element elementor-element-cb8d5e7 e-con-full e-flex e-con e-child\" data-id=\"cb8d5e7\" data-element_type=\"container\">\n\t\t<div class=\"elementor-element elementor-element-dd447d7 e-con-full e-flex e-con e-child\" data-id=\"dd447d7\" data-element_type=\"container\">\n\t\t<div class=\"elementor-element elementor-element-5cf6012 e-con-full e-flex e-con e-child\" data-id=\"5cf6012\" data-element_type=\"container\">\n\t\t\t\t<div class=\"elementor-element elementor-element-3b9e430 elementor-align-right elementor-widget__width-initial elementor-mobile-align-justify elementor-widget elementor-widget-button\" data-id=\"3b9e430\" data-element_type=\"widget\" data-widget_type=\"button.default\">\n\t\t\t\t<div class=\"elementor-widget-container\">\n\t\t\t\t\t\t\t\t\t<div class=\"elementor-button-wrapper\">\n\t\t\t\t\t<a class=\"elementor-button elementor-button-link elementor-size-sm\" href=\"https:\/\/truck-a-pates-foodtruck-la-mothe-achard.order.app.hd.digital\/menus\" target=\"_blank\">\n\t\t\t\t\t\t<span class=\"elementor-button-content-wrapper\">\n\t\t\t\t\t\t\t\t\t<span class=\"elementor-button-text\">Voir la carte<\/span>\n\t\t\t\t\t<\/span>\n\t\t\t\t\t<\/a>\n\t\t\t\t<\/div>\n\t\t\t\t\t\t\t\t<\/div>\n\t\t\t\t<\/div>\n\t\t\t\t<\/div>\n\t\t<div class=\"elementor-element elementor-element-f236d8e e-con-full e-flex e-con e-child\" data-id=\"f236d8e\" data-element_type=\"container\">\n\t\t\t\t<div class=\"elementor-element elementor-element-1f50aff elementor-align-left elementor-widget__width-initial elementor-mobile-align-justify elementor-widget elementor-widget-button\" data-id=\"1f50aff\" data-element_type=\"widget\" data-widget_type=\"button.default\">\n\t\t\t\t<div class=\"elementor-widget-container\">\n\t\t\t\t\t\t\t\t\t<div class=\"elementor-button-wrapper\">\n\t\t\t\t\t<a class=\"elementor-button elementor-button-link elementor-size-sm\" href=\"https:\/\/truck-a-pates-foodtruck-la-mothe-achard.order.app.hd.digital\/menus\" target=\"_blank\">\n\t\t\t\t\t\t<span class=\"elementor-button-content-wrapper\">\n\t\t\t\t\t\t\t\t\t<span class=\"elementor-button-text\">Commander en ligne<\/span>\n\t\t\t\t\t<\/span>\n\t\t\t\t\t<\/a>\n\t\t\t\t<\/div>\n\t\t\t\t\t\t\t\t<\/div>\n\t\t\t\t<\/div>\n\t\t\t\t<\/div>\n\t\t\t\t<\/div>\n\t\t\t\t<\/div>\n\t\t\t\t<\/div>\n\t\t\t\t\t<\/div>\n\t\t\t\t<\/div>\n\t\t<div class=\"elementor-element elementor-element-bf7e135 e-flex e-con-boxed e-con e-parent\" data-id=\"bf7e135\" data-element_type=\"container\">\n\t\t\t\t\t<div class=\"e-con-inner\">\n\t\t<div class=\"elementor-element elementor-element-195ee92 e-con-full e-flex e-con e-child\" data-id=\"195ee92\" data-element_type=\"container\">\n\t\t\t\t<div class=\"elementor-element elementor-element-3785e53 elementor-widget elementor-widget-image\" data-id=\"3785e53\" data-element_type=\"widget\" data-widget_type=\"image.default\">\n\t\t\t\t<div class=\"elementor-widget-container\">\n\t\t\t\t\t\t\t\t\t\t\t\t\t\t\t<img decoding=\"async\" width=\"1\" height=\"1\" src=\"https:\/\/truckapates.fr\/wp-content\/uploads\/2026\/01\/emanuel-ekstrom-KJOUnsGXq58-unsplash.jpg\" class=\"attachment-large size-large wp-image-283\" alt=\"\" \/>\t\t\t\t\t\t\t\t\t\t\t\t\t\t\t<\/div>\n\t\t\t\t<\/div>\n\t\t\t\t<div class=\"elementor-element elementor-element-ff7affd elementor-align-justify elementor-widget__width-initial elementor-widget elementor-widget-button\" data-id=\"ff7affd\" data-element_type=\"widget\" data-widget_type=\"button.default\">\n\t\t\t\t<div class=\"elementor-widget-container\">\n\t\t\t\t\t\t\t\t\t<div class=\"elementor-button-wrapper\">\n\t\t\t\t\t<a class=\"elementor-button elementor-button-link elementor-size-sm\" href=\"https:\/\/truckapates.fr\/?page_id=12\">\n\t\t\t\t\t\t<span class=\"elementor-button-content-wrapper\">\n\t\t\t\t\t\t\t\t\t<span class=\"elementor-button-text\">Voir la carte<\/span>\n\t\t\t\t\t<\/span>\n\t\t\t\t\t<\/a>\n\t\t\t\t<\/div>\n\t\t\t\t\t\t\t\t<\/div>\n\t\t\t\t<\/div>\n\t\t\t\t<\/div>\n\t\t<div class=\"elementor-element elementor-element-ae1b3a1 e-con-full e-flex e-con e-child\" data-id=\"ae1b3a1\" data-element_type=\"container\">\n\t\t\t\t<div class=\"elementor-element elementor-element-c0bb3f1 elementor-widget elementor-widget-heading\" data-id=\"c0bb3f1\" data-element_type=\"widget\" data-widget_type=\"heading.default\">\n\t\t\t\t<div class=\"elementor-widget-container\">\n\t\t\t\t\t<h1 class=\"elementor-heading-title elementor-size-default\">La passion du fait-maison !<\/h1>\t\t\t\t<\/div>\n\t\t\t\t<\/div>\n\t\t\t\t<div class=\"elementor-element elementor-element-35828ac elementor-widget elementor-widget-text-editor\" data-id=\"35828ac\" data-element_type=\"widget\" data-widget_type=\"text-editor.default\">\n\t\t\t\t<div class=\"elementor-widget-container\">\n\t\t\t\t\t\t\t\t\t<p data-start=\"239\" data-end=\"360\"><strong data-start=\"239\" data-end=\"358\">Chez Truck \u00e0 P\u00e2tes, nous cuisinons des recettes simples, faites maison et pens\u00e9es pour \u00eatre partag\u00e9es au quotidien.<\/strong><\/p><p data-start=\"367\" data-end=\"548\">Les p\u00e2tes fra\u00eeches sont au c\u0153ur de notre cuisine.\u00a0 \u00a0 \u00a0 Elles sont fabriqu\u00e9es maison et accompagn\u00e9es de sauces cuisin\u00e9es \u00e0 partir de produits frais et s\u00e9lectionn\u00e9s avec soin.<\/p><p data-start=\"555\" data-end=\"732\">Autour de cette sp\u00e9cialit\u00e9, nous proposons une offre street food vari\u00e9e compos\u00e9e de pizzas artisanales, de burgers \u00e9labor\u00e9s \u00e0 partir de race \u00e0 viande 100% fran\u00e7aise et accompagn\u00e9s de frites fra\u00eeches, de kebabs au pain artisanal, de crousty \u00e0 base de riz parfum\u00e9 et de volaille croustillante, de plats cuisin\u00e9s inspir\u00e9s de cuisines du monde et de desserts gourmands \u00e9galement fait maison.<\/p>\t\t\t\t\t\t\t\t<\/div>\n\t\t\t\t<\/div>\n\t\t\t\t<\/div>\n\t\t\t\t\t<\/div>\n\t\t\t\t<\/div>\n\t\t<div class=\"elementor-element elementor-element-294b27b e-con-full e-flex e-con e-parent\" data-id=\"294b27b\" data-element_type=\"container\" data-settings=\"{&quot;background_background&quot;:&quot;classic&quot;}\">\n\t\t<div class=\"elementor-element elementor-element-6da90f6 e-con-full e-flex e-con e-child\" data-id=\"6da90f6\" data-element_type=\"container\" data-settings=\"{&quot;background_background&quot;:&quot;classic&quot;}\">\n\t\t\t\t<div class=\"elementor-element elementor-element-ea0bba1 elementor-widget elementor-widget-heading\" data-id=\"ea0bba1\" data-element_type=\"widget\" data-widget_type=\"heading.default\">\n\t\t\t\t<div class=\"elementor-widget-container\">\n\t\t\t\t\t<h1 class=\"elementor-heading-title elementor-size-default\">Nos Horaires <br>&amp; Lieux de R\u00e9gal<\/h1>\t\t\t\t<\/div>\n\t\t\t\t<\/div>\n\t\t\t\t<\/div>\n\t\t<div class=\"elementor-element elementor-element-b67d929 e-con-full e-flex e-con e-child\" data-id=\"b67d929\" data-element_type=\"container\">\n\t\t<div class=\"elementor-element elementor-element-4efcb87 e-con-full e-flex e-con e-child\" data-id=\"4efcb87\" data-element_type=\"container\" data-settings=\"{&quot;background_background&quot;:&quot;classic&quot;}\">\n\t\t\t\t<div class=\"elementor-element elementor-element-67a6413 elementor-widget elementor-widget-heading\" data-id=\"67a6413\" data-element_type=\"widget\" data-widget_type=\"heading.default\">\n\t\t\t\t<div class=\"elementor-widget-container\">\n\t\t\t\t\t<h3 class=\"elementor-heading-title elementor-size-default\">du Lundi au Vendredi midi &amp; soir<\/h3>\t\t\t\t<\/div>\n\t\t\t\t<\/div>\n\t\t\t\t<div class=\"elementor-element elementor-element-1295707 elementor-widget elementor-widget-text-editor\" data-id=\"1295707\" data-element_type=\"widget\" data-widget_type=\"text-editor.default\">\n\t\t\t\t<div class=\"elementor-widget-container\">\n\t\t\t\t\t\t\t\t\t<p><b>Les Achards<\/b><br>En livraison uniquement<\/p>\n<p><b>Prochainement&#8230;<\/b><\/p>\t\t\t\t\t\t\t\t<\/div>\n\t\t\t\t<\/div>\n\t\t\t\t<\/div>\n\t\t<div class=\"elementor-element elementor-element-00411ae e-con-full e-flex e-con e-child\" data-id=\"00411ae\" data-element_type=\"container\" data-settings=\"{&quot;background_background&quot;:&quot;classic&quot;}\">\n\t\t\t\t<div class=\"elementor-element elementor-element-f21b71c elementor-widget elementor-widget-heading\" data-id=\"f21b71c\" data-element_type=\"widget\" data-widget_type=\"heading.default\">\n\t\t\t\t<div class=\"elementor-widget-container\">\n\t\t\t\t\t<h3 class=\"elementor-heading-title elementor-size-default\">tous les Mardis soirs<\/h3>\t\t\t\t<\/div>\n\t\t\t\t<\/div>\n\t\t\t\t<div class=\"elementor-element elementor-element-29e971b elementor-widget elementor-widget-text-editor\" data-id=\"29e971b\" data-element_type=\"widget\" data-widget_type=\"text-editor.default\">\n\t\t\t\t<div class=\"elementor-widget-container\">\n\t\t\t\t\t\t\t\t\t<p><b>Saint-Julien des Landes<\/b><br \/>Place Simone Veil<\/p>\t\t\t\t\t\t\t\t<\/div>\n\t\t\t\t<\/div>\n\t\t\t\t<\/div>\n\t\t<div class=\"elementor-element elementor-element-697a536 e-con-full e-flex e-con e-child\" data-id=\"697a536\" data-element_type=\"container\" data-settings=\"{&quot;background_background&quot;:&quot;classic&quot;}\">\n\t\t\t\t<div class=\"elementor-element elementor-element-b5a0f5e elementor-widget elementor-widget-heading\" data-id=\"b5a0f5e\" data-element_type=\"widget\" data-widget_type=\"heading.default\">\n\t\t\t\t<div class=\"elementor-widget-container\">\n\t\t\t\t\t<h3 class=\"elementor-heading-title elementor-size-default\">Tous les Mercredis\u2028soirs<\/h3>\t\t\t\t<\/div>\n\t\t\t\t<\/div>\n\t\t\t\t<div class=\"elementor-element elementor-element-cf0d2c2 elementor-widget elementor-widget-text-editor\" data-id=\"cf0d2c2\" data-element_type=\"widget\" data-widget_type=\"text-editor.default\">\n\t\t\t\t<div class=\"elementor-widget-container\">\n\t\t\t\t\t\t\t\t\t<p><strong>Martinet<\/strong><br \/>Rue de la fontaine<\/p>\t\t\t\t\t\t\t\t<\/div>\n\t\t\t\t<\/div>\n\t\t\t\t<\/div>\n\t\t\t\t<\/div>\n\t\t\t\t<\/div>\n\t\t\t\t<\/div>\n\t\t","protected":false},"excerpt":{"rendered":"<p>Le fait maison servi sur roues Truck \u00e0 P\u00e2tes Laissez vous tenter par nos cr\u00e9ations pr\u00e9par\u00e9es avec soin. Voir la carte Commander en ligne Voir la carte La passion du fait-maison ! Chez Truck \u00e0 P\u00e2tes, nous cuisinons des recettes simples, faites maison et pens\u00e9es pour \u00eatre partag\u00e9es au quotidien. Les p\u00e2tes fra\u00eeches sont au &#8230; <a title=\"Trruck \u00e0 p\u00e2tes\" class=\"read-more\" href=\"https:\/\/truckapates.fr\/\" aria-label=\"En savoir plus sur Trruck \u00e0 p\u00e2tes\">Lire la suite<\/a><\/p>\n","protected":false},"author":1,"featured_media":0,"parent":0,"menu_order":0,"comment_status":"closed","ping_status":"closed","template":"elementor_header_footer","meta":{"footnotes":""},"class_list":["post-141","page","type-page","status-publish"],"_links":{"self":[{"href":"https:\/\/truckapates.fr\/index.php?rest_route=\/wp\/v2\/pages\/141","targetHints":{"allow":["GET"]}}],"collection":[{"href":"https:\/\/truckapates.fr\/index.php?rest_route=\/wp\/v2\/pages"}],"about":[{"href":"https:\/\/truckapates.fr\/index.php?rest_route=\/wp\/v2\/types\/page"}],"author":[{"embeddable":true,"href":"https:\/\/truckapates.fr\/index.php?rest_route=\/wp\/v2\/users\/1"}],"replies":[{"embeddable":true,"href":"https:\/\/truckapates.fr\/index.php?rest_route=%2Fwp%2Fv2%2Fcomments&post=141"}],"version-history":[{"count":38,"href":"https:\/\/truckapates.fr\/index.php?rest_route=\/wp\/v2\/pages\/141\/revisions"}],"predecessor-version":[{"id":430,"href":"https:\/\/truckapates.fr\/index.php?rest_route=\/wp\/v2\/pages\/141\/revisions\/430"}],"wp:attachment":[{"href":"https:\/\/truckapates.fr\/index.php?rest_route=%2Fwp%2Fv2%2Fmedia&parent=141"}],"curies":[{"name":"wp","href":"https:\/\/api.w.org\/{rel}","templated":true}]}}