{"id":144,"date":"2025-11-28T20:39:11","date_gmt":"2025-11-28T19:39:11","guid":{"rendered":"https:\/\/truckapates.fr\/?page_id=144"},"modified":"2026-02-02T16:41:13","modified_gmt":"2026-02-02T15:41:13","slug":"notre-histoire","status":"publish","type":"page","link":"https:\/\/truckapates.fr\/?page_id=144","title":{"rendered":"notre-histoire"},"content":{"rendered":"\t\t<div data-elementor-type=\"wp-page\" data-elementor-id=\"144\" class=\"elementor elementor-144\">\n\t\t\t\t<div class=\"elementor-element elementor-element-98149ae e-flex e-con-boxed e-con e-parent\" data-id=\"98149ae\" data-element_type=\"container\">\n\t\t\t\t\t<div class=\"e-con-inner\">\n\t\t<div class=\"elementor-element elementor-element-83eb684 e-con-full e-flex e-con e-child\" data-id=\"83eb684\" data-element_type=\"container\">\n\t\t\t\t<div class=\"elementor-element elementor-element-3785e53 elementor-widget elementor-widget-image\" data-id=\"3785e53\" data-element_type=\"widget\" data-widget_type=\"image.default\">\n\t\t\t\t<div class=\"elementor-widget-container\">\n\t\t\t\t\t\t\t\t\t\t\t\t\t\t\t<img fetchpriority=\"high\" decoding=\"async\" width=\"1920\" height=\"2560\" src=\"https:\/\/truckapates.fr\/wp-content\/uploads\/2026\/01\/IMG_7368-scaled.jpg\" class=\"attachment-full size-full wp-image-406\" alt=\"\" srcset=\"https:\/\/truckapates.fr\/wp-content\/uploads\/2026\/01\/IMG_7368-scaled.jpg 1920w, https:\/\/truckapates.fr\/wp-content\/uploads\/2026\/01\/IMG_7368-225x300.jpg 225w, https:\/\/truckapates.fr\/wp-content\/uploads\/2026\/01\/IMG_7368-768x1024.jpg 768w, https:\/\/truckapates.fr\/wp-content\/uploads\/2026\/01\/IMG_7368-1152x1536.jpg 1152w, https:\/\/truckapates.fr\/wp-content\/uploads\/2026\/01\/IMG_7368-1536x2048.jpg 1536w\" sizes=\"(max-width: 1920px) 100vw, 1920px\" \/>\t\t\t\t\t\t\t\t\t\t\t\t\t\t\t<\/div>\n\t\t\t\t<\/div>\n\t\t\t\t<\/div>\n\t\t<div class=\"elementor-element elementor-element-ebaa5be e-con-full e-flex e-con e-child\" data-id=\"ebaa5be\" data-element_type=\"container\">\n\t\t\t\t<div class=\"elementor-element elementor-element-6db42ba elementor-widget elementor-widget-spacer\" data-id=\"6db42ba\" data-element_type=\"widget\" data-widget_type=\"spacer.default\">\n\t\t\t\t<div class=\"elementor-widget-container\">\n\t\t\t\t\t\t\t<div class=\"elementor-spacer\">\n\t\t\t<div class=\"elementor-spacer-inner\"><\/div>\n\t\t<\/div>\n\t\t\t\t\t\t<\/div>\n\t\t\t\t<\/div>\n\t\t\t\t<div class=\"elementor-element elementor-element-c0bb3f1 elementor-widget elementor-widget-heading\" data-id=\"c0bb3f1\" data-element_type=\"widget\" data-widget_type=\"heading.default\">\n\t\t\t\t<div class=\"elementor-widget-container\">\n\t\t\t\t\t<h1 class=\"elementor-heading-title elementor-size-default\">La Cuisine Maison Qui Roule<\/h1>\t\t\t\t<\/div>\n\t\t\t\t<\/div>\n\t\t\t\t<div class=\"elementor-element elementor-element-35828ac elementor-widget elementor-widget-text-editor\" data-id=\"35828ac\" data-element_type=\"widget\" data-widget_type=\"text-editor.default\">\n\t\t\t\t<div class=\"elementor-widget-container\">\n\t\t\t\t\t\t\t\t\t<p data-start=\"199\" data-end=\"348\"><strong data-start=\"199\" data-end=\"346\">Truck \u00e0 P\u00e2tes est un food truck implant\u00e9 en Vend\u00e9e, sp\u00e9cialis\u00e9 \u00e0 l\u2019origine dans la fabrication de p\u00e2tes fra\u00eeches et de sauces cuisin\u00e9es maison.<\/strong><\/p><p data-start=\"355\" data-end=\"521\">Con\u00e7u au d\u00e9part pour une client\u00e8le locale, le projet s\u2019est d\u00e9velopp\u00e9 autour d\u2019une cuisine simple et pr\u00e9par\u00e9e sur place, avec des recettes pens\u00e9es pour le quotidien.<\/p><p data-start=\"528\" data-end=\"686\">Au fil du temps, l\u2019offre s\u2019est \u00e9largie pour int\u00e9grer d\u2019autres propositions de street food, permettant de s\u2019adapter \u00e0 des envies et \u00e0 des usages plus vari\u00e9s.<\/p><p data-start=\"693\" data-end=\"919\">Aujourd\u2019hui, Truck \u00e0 P\u00e2tes accompagne aussi bien les particuliers que les professionnels et les entreprises, aussi bien en service r\u00e9gulier que lors d\u2019\u00e9v\u00e9nements priv\u00e9s ou professionnels, tout en restant fid\u00e8le au fait maison.<\/p>\t\t\t\t\t\t\t\t<\/div>\n\t\t\t\t<\/div>\n\t\t\t\t<\/div>\n\t\t\t\t\t<\/div>\n\t\t\t\t<\/div>\n\t\t<div class=\"elementor-element elementor-element-94b659a e-flex e-con-boxed e-con e-parent\" data-id=\"94b659a\" data-element_type=\"container\">\n\t\t\t\t\t<div class=\"e-con-inner\">\n\t\t<div class=\"elementor-element elementor-element-d66bfe5 e-con-full e-flex e-con e-child\" data-id=\"d66bfe5\" data-element_type=\"container\">\n\t\t\t\t<div class=\"elementor-element elementor-element-3c04fe3 elementor-widget elementor-widget-heading\" data-id=\"3c04fe3\" data-element_type=\"widget\" data-widget_type=\"heading.default\">\n\t\t\t\t<div class=\"elementor-widget-container\">\n\t\t\t\t\t<h1 class=\"elementor-heading-title elementor-size-default\">Disponible pour vos \u00e9v\u00e9nements professionnels et priv\u00e9s<\/h1>\t\t\t\t<\/div>\n\t\t\t\t<\/div>\n\t\t\t\t<div class=\"elementor-element elementor-element-581064f elementor-widget elementor-widget-text-editor\" data-id=\"581064f\" data-element_type=\"widget\" data-widget_type=\"text-editor.default\">\n\t\t\t\t<div class=\"elementor-widget-container\">\n\t\t\t\t\t\t\t\t\t<p data-start=\"368\" data-end=\"591\">Inauguration, mariage, anniversaire, repas d\u2019entreprise, soir\u00e9e entre coll\u00e8gues ou \u00e9v\u00e9nement client : nous intervenons directement sur le lieu de votre choix pour vous proposer une cuisine maison, g\u00e9n\u00e9reuse et conviviale.<\/p><p data-start=\"598\" data-end=\"777\">Chaque prestation est pens\u00e9e en fonction de votre \u00e9v\u00e9nement, de votre public et de vos contraintes, afin de vous offrir un moment \u00e0 la hauteur de vos attentes.<\/p>\t\t\t\t\t\t\t\t<\/div>\n\t\t\t\t<\/div>\n\t\t\t\t<div class=\"elementor-element elementor-element-cff1555 elementor-align-justify elementor-widget__width-initial elementor-widget elementor-widget-button\" data-id=\"cff1555\" data-element_type=\"widget\" data-widget_type=\"button.default\">\n\t\t\t\t<div class=\"elementor-widget-container\">\n\t\t\t\t\t\t\t\t\t<div class=\"elementor-button-wrapper\">\n\t\t\t\t\t<a class=\"elementor-button elementor-button-link elementor-size-sm\" href=\"#\">\n\t\t\t\t\t\t<span class=\"elementor-button-content-wrapper\">\n\t\t\t\t\t\t\t\t\t<span class=\"elementor-button-text\">en savoir plus<\/span>\n\t\t\t\t\t<\/span>\n\t\t\t\t\t<\/a>\n\t\t\t\t<\/div>\n\t\t\t\t\t\t\t\t<\/div>\n\t\t\t\t<\/div>\n\t\t\t\t<\/div>\n\t\t<div class=\"elementor-element elementor-element-1f3ee1e e-con-full e-flex e-con e-child\" data-id=\"1f3ee1e\" data-element_type=\"container\">\n\t\t\t\t<div class=\"elementor-element elementor-element-39ea60f elementor-widget elementor-widget-image\" data-id=\"39ea60f\" data-element_type=\"widget\" data-widget_type=\"image.default\">\n\t\t\t\t<div class=\"elementor-widget-container\">\n\t\t\t\t\t\t\t\t\t\t\t\t\t\t\t<img decoding=\"async\" width=\"1024\" height=\"865\" src=\"https:\/\/truckapates.fr\/wp-content\/uploads\/2026\/01\/IMG_2558-1024x865.jpg\" class=\"attachment-large size-large wp-image-407\" alt=\"\" srcset=\"https:\/\/truckapates.fr\/wp-content\/uploads\/2026\/01\/IMG_2558-1024x865.jpg 1024w, https:\/\/truckapates.fr\/wp-content\/uploads\/2026\/01\/IMG_2558-300x254.jpg 300w, https:\/\/truckapates.fr\/wp-content\/uploads\/2026\/01\/IMG_2558-768x649.jpg 768w, https:\/\/truckapates.fr\/wp-content\/uploads\/2026\/01\/IMG_2558-1536x1298.jpg 1536w, https:\/\/truckapates.fr\/wp-content\/uploads\/2026\/01\/IMG_2558-2048x1731.jpg 2048w\" sizes=\"(max-width: 1024px) 100vw, 1024px\" \/>\t\t\t\t\t\t\t\t\t\t\t\t\t\t\t<\/div>\n\t\t\t\t<\/div>\n\t\t\t\t<\/div>\n\t\t\t\t\t<\/div>\n\t\t\t\t<\/div>\n\t\t\t\t<\/div>\n\t\t","protected":false},"excerpt":{"rendered":"<p>La Cuisine Maison Qui Roule Truck \u00e0 P\u00e2tes est un food truck implant\u00e9 en Vend\u00e9e, sp\u00e9cialis\u00e9 \u00e0 l\u2019origine dans la fabrication de p\u00e2tes fra\u00eeches et de sauces cuisin\u00e9es maison. Con\u00e7u au d\u00e9part pour une client\u00e8le locale, le projet s\u2019est d\u00e9velopp\u00e9 autour d\u2019une cuisine simple et pr\u00e9par\u00e9e sur place, avec des recettes pens\u00e9es pour le quotidien. &#8230; <a title=\"notre-histoire\" class=\"read-more\" href=\"https:\/\/truckapates.fr\/?page_id=144\" aria-label=\"En savoir plus sur notre-histoire\">Lire la suite<\/a><\/p>\n","protected":false},"author":1,"featured_media":0,"parent":0,"menu_order":0,"comment_status":"closed","ping_status":"closed","template":"elementor_header_footer","meta":{"footnotes":""},"class_list":["post-144","page","type-page","status-publish"],"_links":{"self":[{"href":"https:\/\/truckapates.fr\/index.php?rest_route=\/wp\/v2\/pages\/144","targetHints":{"allow":["GET"]}}],"collection":[{"href":"https:\/\/truckapates.fr\/index.php?rest_route=\/wp\/v2\/pages"}],"about":[{"href":"https:\/\/truckapates.fr\/index.php?rest_route=\/wp\/v2\/types\/page"}],"author":[{"embeddable":true,"href":"https:\/\/truckapates.fr\/index.php?rest_route=\/wp\/v2\/users\/1"}],"replies":[{"embeddable":true,"href":"https:\/\/truckapates.fr\/index.php?rest_route=%2Fwp%2Fv2%2Fcomments&post=144"}],"version-history":[{"count":13,"href":"https:\/\/truckapates.fr\/index.php?rest_route=\/wp\/v2\/pages\/144\/revisions"}],"predecessor-version":[{"id":421,"href":"https:\/\/truckapates.fr\/index.php?rest_route=\/wp\/v2\/pages\/144\/revisions\/421"}],"wp:attachment":[{"href":"https:\/\/truckapates.fr\/index.php?rest_route=%2Fwp%2Fv2%2Fmedia&parent=144"}],"curies":[{"name":"wp","href":"https:\/\/api.w.org\/{rel}","templated":true}]}}