{"id":192,"date":"2025-11-28T21:11:54","date_gmt":"2025-11-28T20:11:54","guid":{"rendered":"https:\/\/truckapates.fr\/?page_id=192"},"modified":"2026-01-04T17:18:10","modified_gmt":"2026-01-04T16:18:10","slug":"boissons","status":"publish","type":"page","link":"https:\/\/truckapates.fr\/?page_id=192","title":{"rendered":"Boissons"},"content":{"rendered":"\t\t<div data-elementor-type=\"wp-page\" data-elementor-id=\"192\" class=\"elementor elementor-192\">\n\t\t\t\t<div class=\"elementor-element elementor-element-a6176c2 e-flex e-con-boxed e-con e-parent\" data-id=\"a6176c2\" data-element_type=\"container\" data-settings=\"{&quot;background_background&quot;:&quot;classic&quot;}\">\n\t\t\t\t\t<div class=\"e-con-inner\">\n\t\t<div class=\"elementor-element elementor-element-f300fbd e-con-full e-flex e-con e-child\" data-id=\"f300fbd\" data-element_type=\"container\">\n\t\t<div class=\"elementor-element elementor-element-cc7bc73 e-con-full e-flex e-con e-child\" data-id=\"cc7bc73\" data-element_type=\"container\">\n\t\t\t\t<\/div>\n\t\t<div class=\"elementor-element elementor-element-fb77698 e-con-full e-flex e-con e-child\" data-id=\"fb77698\" data-element_type=\"container\">\n\t\t\t\t<div class=\"elementor-element elementor-element-29ab683 elementor-widget elementor-widget-heading\" data-id=\"29ab683\" data-element_type=\"widget\" data-widget_type=\"heading.default\">\n\t\t\t\t<div class=\"elementor-widget-container\">\n\t\t\t\t\t<h1 class=\"elementor-heading-title elementor-size-default\">Notre carte<\/h1>\t\t\t\t<\/div>\n\t\t\t\t<\/div>\n\t\t\t\t<div class=\"elementor-element elementor-element-f26fe64 elementor-widget elementor-widget-text-editor\" data-id=\"f26fe64\" data-element_type=\"widget\" data-widget_type=\"text-editor.default\">\n\t\t\t\t<div class=\"elementor-widget-container\">\n\t\t\t\t\t\t\t\t\t<p>D\u00e9couvrez notre carte : des p\u00e2tes fra\u00eeches et sauces maison, des plats cuisin\u00e9s vari\u00e9s, des soupes et paninis pr\u00e9par\u00e9s avec des ingr\u00e9dients frais et de saison, sans oublier nos d\u00e9licieux desserts faits maison. Un plaisir gourmand \u00e0 chaque bouch\u00e9e !<\/p>\t\t\t\t\t\t\t\t<\/div>\n\t\t\t\t<\/div>\n\t\t\t\t<\/div>\n\t\t\t\t<\/div>\n\t\t\t\t\t<\/div>\n\t\t\t\t<\/div>\n\t\t<div class=\"elementor-element elementor-element-bc00aa7 e-flex e-con-boxed e-con e-parent\" data-id=\"bc00aa7\" data-element_type=\"container\">\n\t\t\t\t\t<div class=\"e-con-inner\">\n\t\t\t\t<div class=\"elementor-element elementor-element-dc5a9d8 elementor-widget elementor-widget-ekit-nav-menu\" data-id=\"dc5a9d8\" data-element_type=\"widget\" data-widget_type=\"ekit-nav-menu.default\">\n\t\t\t\t<div class=\"elementor-widget-container\">\n\t\t\t\t\t\t\t<nav class=\"ekit-wid-con ekit_menu_responsive_mobile\" \n\t\t\tdata-hamburger-icon=\"\" \n\t\t\tdata-hamburger-icon-type=\"icon\" \n\t\t\tdata-responsive-breakpoint=\"767\">\n\t\t\t            <button class=\"elementskit-menu-hamburger elementskit-menu-toggler\"  type=\"button\" aria-label=\"hamburger-icon\">\n                                    <span class=\"elementskit-menu-hamburger-icon\"><\/span><span class=\"elementskit-menu-hamburger-icon\"><\/span><span class=\"elementskit-menu-hamburger-icon\"><\/span>\n                            <\/button>\n            <div id=\"ekit-megamenu-notre-carte\" class=\"elementskit-menu-container elementskit-menu-offcanvas-elements elementskit-navbar-nav-default ekit-nav-menu-one-page-yes ekit-nav-dropdown-hover\"><ul id=\"menu-notre-carte\" class=\"elementskit-navbar-nav elementskit-menu-po-center submenu-click-on-icon\"><li id=\"menu-item-154\" class=\"menu-item menu-item-type-post_type menu-item-object-page menu-item-154 nav-item elementskit-mobile-builder-content\" data-vertical-menu=750px><a href=\"https:\/\/truckapates.fr\/?page_id=12\" class=\"ekit-menu-nav-link\">Nos p\u00e2tes fra\u00eeches<\/a><\/li>\n<li id=\"menu-item-155\" class=\"menu-item menu-item-type-post_type menu-item-object-page menu-item-155 nav-item elementskit-mobile-builder-content\" data-vertical-menu=750px><a href=\"https:\/\/truckapates.fr\/?page_id=152\" class=\"ekit-menu-nav-link\">Street Food<\/a><\/li>\n<li id=\"menu-item-208\" class=\"menu-item menu-item-type-post_type menu-item-object-page menu-item-208 nav-item elementskit-mobile-builder-content\" data-vertical-menu=750px><a href=\"https:\/\/truckapates.fr\/?page_id=198\" class=\"ekit-menu-nav-link\">Desserts<\/a><\/li>\n<li id=\"menu-item-197\" class=\"menu-item menu-item-type-post_type menu-item-object-page menu-item-197 nav-item elementskit-mobile-builder-content\" data-vertical-menu=750px><a href=\"https:\/\/truckapates.fr\/?page_id=192\" class=\"ekit-menu-nav-link\">Boissons<\/a><\/li>\n<\/ul><div class=\"elementskit-nav-identity-panel\"><button class=\"elementskit-menu-close elementskit-menu-toggler\" type=\"button\">X<\/button><\/div><\/div>\t\t\t\n\t\t\t<div class=\"elementskit-menu-overlay elementskit-menu-offcanvas-elements elementskit-menu-toggler ekit-nav-menu--overlay\"><\/div>        <\/nav>\n\t\t\t\t\t\t<\/div>\n\t\t\t\t<\/div>\n\t\t\t\t\t<\/div>\n\t\t\t\t<\/div>\n\t\t<div class=\"elementor-element elementor-element-e1599b8 e-flex e-con-boxed e-con e-parent\" data-id=\"e1599b8\" data-element_type=\"container\" data-settings=\"{&quot;background_background&quot;:&quot;classic&quot;}\">\n\t\t\t\t\t<div class=\"e-con-inner\">\n\t\t\t\t<div class=\"elementor-element elementor-element-d7c9de6 elementor-widget elementor-widget-heading\" data-id=\"d7c9de6\" data-element_type=\"widget\" data-widget_type=\"heading.default\">\n\t\t\t\t<div class=\"elementor-widget-container\">\n\t\t\t\t\t<h5 class=\"elementor-heading-title elementor-size-default\">Soda 33cl\n<\/h5>\t\t\t\t<\/div>\n\t\t\t\t<\/div>\n\t\t\t\t<div class=\"elementor-element elementor-element-581064f elementor-widget elementor-widget-text-editor\" data-id=\"581064f\" data-element_type=\"widget\" data-widget_type=\"text-editor.default\">\n\t\t\t\t<div class=\"elementor-widget-container\">\n\t\t\t\t\t\t\t\t\t<main><\/main><section class=\"recette_section\"><div class=\"recette_section-text\"><p>Coca cola, coca cola z\u00e9ro, orangina, fanta, oasis, ice tea, tropicot<\/p><\/div><\/section><p>\u00a0<\/p><footer class=\"footer\"><figure class=\"footer_logo\"><\/figure><\/footer>\t\t\t\t\t\t\t\t<\/div>\n\t\t\t\t<\/div>\n\t\t\t\t\t<\/div>\n\t\t\t\t<\/div>\n\t\t\t\t<\/div>\n\t\t","protected":false},"excerpt":{"rendered":"<p>Notre carte D\u00e9couvrez notre carte : des p\u00e2tes fra\u00eeches et sauces maison, des plats cuisin\u00e9s vari\u00e9s, des soupes et paninis pr\u00e9par\u00e9s avec des ingr\u00e9dients frais et de saison, sans oublier nos d\u00e9licieux desserts faits maison. Un plaisir gourmand \u00e0 chaque bouch\u00e9e ! Nos p\u00e2tes fra\u00eeches Street Food Desserts Boissons X Soda 33cl Coca cola, coca &#8230; <a title=\"Boissons\" class=\"read-more\" href=\"https:\/\/truckapates.fr\/?page_id=192\" aria-label=\"En savoir plus sur Boissons\">Lire la suite<\/a><\/p>\n","protected":false},"author":1,"featured_media":0,"parent":0,"menu_order":0,"comment_status":"closed","ping_status":"closed","template":"elementor_header_footer","meta":{"footnotes":""},"class_list":["post-192","page","type-page","status-publish"],"_links":{"self":[{"href":"https:\/\/truckapates.fr\/index.php?rest_route=\/wp\/v2\/pages\/192","targetHints":{"allow":["GET"]}}],"collection":[{"href":"https:\/\/truckapates.fr\/index.php?rest_route=\/wp\/v2\/pages"}],"about":[{"href":"https:\/\/truckapates.fr\/index.php?rest_route=\/wp\/v2\/types\/page"}],"author":[{"embeddable":true,"href":"https:\/\/truckapates.fr\/index.php?rest_route=\/wp\/v2\/users\/1"}],"replies":[{"embeddable":true,"href":"https:\/\/truckapates.fr\/index.php?rest_route=%2Fwp%2Fv2%2Fcomments&post=192"}],"version-history":[{"count":8,"href":"https:\/\/truckapates.fr\/index.php?rest_route=\/wp\/v2\/pages\/192\/revisions"}],"predecessor-version":[{"id":418,"href":"https:\/\/truckapates.fr\/index.php?rest_route=\/wp\/v2\/pages\/192\/revisions\/418"}],"wp:attachment":[{"href":"https:\/\/truckapates.fr\/index.php?rest_route=%2Fwp%2Fv2%2Fmedia&parent=192"}],"curies":[{"name":"wp","href":"https:\/\/api.w.org\/{rel}","templated":true}]}}